{"id":10,"date":"2023-11-14T00:51:27","date_gmt":"2023-11-14T00:51:27","guid":{"rendered":"https:\/\/ruebenschneider.de\/?page_id=10"},"modified":"2026-03-05T01:18:56","modified_gmt":"2026-03-05T01:18:56","slug":"news","status":"publish","type":"page","link":"http:\/\/ruebenschneider.de\/?page_id=10","title":{"rendered":"News"},"content":{"rendered":"\n<p><\/p>\n\n\n\n<p>Die aktuellsten Neuigkeiten findet Ihr auf unserer <a href=\"https:\/\/de-de.facebook.com\/Ruebenschneider\/\" target=\"_blank\" rel=\"noreferrer noopener\">Facebookseite.<\/a><\/p>\n\n\n\n<p>Wichtige Neuigkeiten gibt es hier:<\/p>\n\n\n\n<p><\/p>\n\n\n\n<p><\/p>\n\n\n\n<p><\/p>\n\n\n\n<p>05.04.26 &#8211; Ostersonntag im Meisenfrei-Bremen: R\u00fcbenschneider erhalten Unterst\u00fctzung von zwei Bremen-Norder Bands. Rockarokies und die Panzerknakker sind dabei, letztere mit neuem Gitaristen und zum ersten mal mit echtem Schlagzeuger. Wir haben auch einige brandneue St\u00fccke f\u00fcr euch vorbereitet. Nicht verpassen!<\/p>\n\n\n\n<p>03.01.2026 &#8211; Das Jahr f\u00e4ngt ja gut an. Wir d\u00fcrfen zum New Year`s Punk im Life House in Stemwede aufspielen. Mit am Start sind Elektro Strothmann und <br>Hellpetrol!<\/p>\n\n\n\n<p>05.09.2025 &#8211; Am Freitag spielen wir auf dem mehrt\u00e4gigen Sommerfest des Wagenplatzes Laubenbande in Bremen.<\/p>\n\n\n\n<p>02.08.2025 &#8211; Am Samstag spielen wir auf dem zweit\u00e4gigen Connect Festival in Apen\/Holtgast.<\/p>\n\n\n\n<p>16.07.2025 &#8211; Erstes Konzert in neuer Besetzung! Gemeinsam mit Total Chaos im Alhambra Oldenburg.<\/p>\n\n\n\n<p>22.06.2025 &#8211; Moin Leute! Wir m\u00f6chten euch mitteilen, dass Olaf die Trommelst\u00f6cke an den Nagel geh\u00e4ngt hat. Wir machen nun zu dritt weiter, Dodek ist von der Gitarre ans Schlagzeug gewechselt. Neue Lieder sind in Arbeit und ab Juli k\u00f6nnt ihr uns wieder live sehen. Seid gespannt was da kommt.  Eure R\u00fcbenschneiders<\/p>\n\n\n\n<p>20.04.2025 &#8211; Ostersonntag gemeinsam mir Billy Rubyn live im Meisenfrei Bremen. Eintritt freiwillig.<\/p>\n\n\n\n<p>16.11.2024 &#8211; R\u00fcbenschneider live im Horizont in Bremen Vegesack. Eintritt freiwillig.<\/p>\n\n\n\n<p>02.08.2024 &#8211; Am Freitag spielen wir auf dem zweit\u00e4gigen Connect Festival in Holtgast\/Ammerland. <\/p>\n\n\n\n<p>29.06..2024 &#8211; Gemeinsam mit Night of the Rhino (Gronigen) und Unwucht (Bremen) sind wir auf dem Punk-A-Platz in Oldenburg zu sehen. Beginn ist um 19 Uhr, der Eintritt ist frei.<\/p>\n\n\n\n<p>30.04.2024 &#8211; Punk in den Mai mit Splitterfaser und R\u00fcbenschneider in der Szenerie in Leer. Beginn 21 Uhr.<\/p>\n\n\n\n<p>06.04.2024 &#8211; R\u00fcbenschneider live auf der Fr\u00fchjahrssause im Seker Huus in Hollen\/Uplengen. 10 Bands f\u00fcr 10 Euro! Beginn 14 Uhr.<\/p>\n\n\n\n<p>31.03.2024 &#8211; Am Ostersonntag sind wir wieder zu Gast im Meisenfrei Bremen! Zus\u00e4tzlich werden euch Deine Ex aus Hamburg amtlich auf die Ohren geben. Eintritt freiwillig, Beginn 20 Uhr.<\/p>\n\n\n\n<p>02.03.2024 &#8211; Die Bremen-Norder Bands Die Panzerknakker, R\u00fcbenschneider und Nebenwirkung, verst\u00e4rkt durch die Kultband Nudelbox 3,50\u20ac aus Nordenham spielen im Eldorado direkt am Bahnhof in Nordenham.<\/p>\n\n\n\n<p>18.11.2023 &#8211; Letzter Gig des Jahres im Seker Huus in Hollen-Uplegen. Mit am Start sind Tatsaxe aus Hamburg und Skranefjell aus Wilhelmshaven.<\/p>\n\n\n\n<p>23.09.2023 \u2013 Gemeinsam mit den Panzerknakkern, den Fucking Virgins und F.U.A.&nbsp; live im AK 47 in D\u00fcsseldorf. &nbsp;&nbsp;<\/p>\n\n\n\n<p>09.04.2023 \u2013 Wie immer am Ostersonntag d\u00fcrfen wir auch dieses Jahr wieder im Meisenfrei Bremen zu Gast sein. Mit dabei sind unsere Freunde von den Fucking Virgins aus Zaanstad in den Niederlanden.<\/p>\n\n\n\n<p>21.01.2023 \u2013 R\u00fcbenschneider live auf dem Tierschutzhof Hannover Land e.V. in Neustadt am R\u00fcbenberge!<br><\/p>\n\n\n\n<p>19.11.2022 \u2013 R\u00fcbenschneider live im Horizont in Bremen-Vegesack!<br><\/p>\n\n\n\n<p>15.10.2022 \u2013 R\u00fcbenschneider live auf der Burning Q Crewparty im KUZ-OHZ!<br><\/p>\n\n\n\n<p>11.06.2022 \u2013 R\u00fcbenschneider live beim Opa Hell Open Air in Lemwerder!<br><\/p>\n\n\n\n<p>10.06.2022 \u2013 Am Freitag spielen wir beim zweit\u00e4gigen Bremer Punkmusikanten Festival im Meisenfrei.<\/p>\n\n\n\n<p>17.04.2022 \u2013 Wie jedes Jahr am Ostersonntag spielen wir im Meisenfrei in Bremen. Dieses Mal sind Shed-It aus Groningen mit am Start. Beginn 20 Uhr.<\/p>\n\n\n\n<p>12.03.2022 \u2013 R\u00fcbenschneider live in der Steintor-Sch\u00e4nke in Bremen. Beginn 21 Uhr.<br><\/p>\n\n\n\n<p>04.09.2021 \u2013 R\u00fcbenschneider, Razors, TwoTwo79, Elsen und Degenerate Idol auf dem PUNKION 6 Festival ab 18 Uhr in der Zollkantine Bremen.<br><\/p>\n\n\n\n<p>25.06.2021 \u2013 Jippie! R\u00fcbenschneider wieder live. Mit dabei sind Degenerate Idol. Los geht es p\u00fcnktlich um 21 Uhr im Meisenfrei Bremen.<br><\/p>\n\n\n\n<p>10.10.2020 \u2013 Endlich wieder auf die B\u00fchne! Unsere Freunde von Nebenwirkung haben uns und Degenerate Idol eingeladen ihr vierzigj\u00e4hriges Jubil\u00e4um zu feiern. Los geht es p\u00fcnktlich um 20 Uhr im Meisenfrei Bremen.<br><\/p>\n\n\n\n<p>08.10.2020 \u2013 Neuer Videoclip \u201ePhrase Shouter\u201c online.<\/p>\n\n\n\n<p>24.05.2020 \u2013 Nun ist es also soweit! Unsere neue CD \u201eAngry Beet Shredder\u201c ist draussen. Ab sofort auf allen bekannten Onlineplattformen und als echte CD direkt bei uns. Schick uns eine Nachricht an kontakt[at]ruebenschneider.de<\/p>\n\n\n\n<p>01.04.2020 \u2013 Neuer Videoclip \u201eVacuum Bomb\u201c.<br><\/p>\n\n\n\n<p>09.12.2019 \u2013 Die Aufnahmen zu unserem neuen Album \u201eAngry Beet Shredder\u201c haben begonnen. Die Ver\u00f6ffentlichung ist f\u00fcr April 2020 geplant.<br><\/p>\n\n\n\n<p>06.12.2019 \u2013 R\u00fcbenschneider live auf dem RageTown Festival im Schlachthof Bremen. Mit dabei sind Scobben, Die Wut, Fucking Virgins, Nebenwirkung und Die Panzerknakker.<br><\/p>\n\n\n\n<p>16.11.2019 \u2013 R\u00fcbenschneider gemeinsam mit den Fucking Virgins und den Panzeknakkern live im Backstage in Hoorn\/NL.<\/p>\n\n\n\n<p>15.11.2019 \u2013 R\u00fcbenschneider live im Muddy in Vegesack.<\/p>\n\n\n\n<p>29.06.2019 &#8211; R\u00fcbenschneider live im Lehmitz auf der Reeperbahn in Hamburg.<\/p>\n\n\n\n<p>21.04.2019 \u2013 R\u00fcbenschneider wie jedes Jahr am Ostersonntag live im Meisenfrei in Bremen. Dieses Mal sind Kamikaze Klan und Die Panzerknakker mit dabei.<br><\/p>\n\n\n\n<p>15.04.2019 \u2013 R\u00fcbenschneider mit einem Song auf&nbsp; der BlattTurbo Sampler Vol. 10 CD.<\/p>\n\n\n\n<p>09.02.2019 \u2013 R\u00fcbenschneider gemeinsam mit The Shout live im Karo in Bremen-Walle.<\/p>\n\n\n\n<p>07.12.2018 \u2013 R\u00fcbenschneider live im Muddy in Bremen-Vegesack gemeinsam mit Nebenwirkung und Die Panzerknakker.<br><\/p>\n\n\n\n<p>24.11.2018 \u2013 Unsere CD \u201eBauernhausmusik\u201c gibt es ab sofort in den USA per Mailorder f\u00fcr 5 Dollar plus Versandkosten direkt bei Kunaki.<br><\/p>\n\n\n\n<p>01.10.2018 \u2013 Wir sind mit \u201eWarme Aale\u201c auf Mind The Gap Vol. 3 von D\u00f3lfinngr Records.<br><\/p>\n\n\n\n<p>29.07.2018 \u2013 R\u00fcbenschneider mit einem Song auf&nbsp; Making A Scene 2018 von PP Promo Records.<br><\/p>\n\n\n\n<p>01.07.2018 \u2013 Unsere CD \u201eBauernhausmusik\u201c und viele weitere, fantastische Bands gibt es ab sofort kostenlos bei Freepunk Records zum downloaden.<\/p>\n\n\n\n<p>01.04.2018 \u2013 R\u00fcbenschneider &amp; Mazy Puppets live im Meisenfrei, Bremen.<br><\/p>\n\n\n\n<p>13.03.2018 \u2013 Wir sind mit unserem Song \u201eOverhead\u201c auf dem neuen Sampler \u201eAgents Of Oppression\u201c von Riot Ready Records vertreten. Download auf Bandcamp gratis oder gegen Spende.<\/p>\n\n\n\n<p>10.03.2018 \u2013 R\u00fcbenschneider mit je einem Song auf&nbsp; \u201eGive Us A Future Vol. 1, Vol. 3, Vol. 7, Vol. 9 und Vol. 10\u201c von Freedom Records.<\/p>\n\n\n\n<p>13.10.2017 \u2013 Neue Videoclips online<\/p>\n\n\n\n<p>06.10.2017 \u2013 R\u00fcbenschneider &amp; Green 4A Day live im Muddy Bremen-Vegesack<\/p>\n\n\n\n<p>04.08.2017 \u2013 R\u00fcbenschneider live auf dem Gut Sandbeck Openair in Osterholz-Scharmbeck<br><\/p>\n\n\n\n<p>16.04.2017 \u2013 R\u00fcbenschneider &amp; Headgear live im Meisenfrei, Bremen<\/p>\n\n\n\n<p>01.04.2017 \u2013 R\u00fcbenschneider &amp; Green 4A Day live im Pin\u00f6kel, Bremen-Vegesack<\/p>\n\n\n\n<p>14.01.2017 \u2013 Record Release Action im Horizont, Bremen-Vegesack<\/p>\n\n\n\n<p>26.12.2016 \u2013 Erstes Video in neuer Besetzung online<\/p>\n\n\n\n<p>01.12.2016 \u2013 R\u00fcbenschneider ver\u00f6ffentlichen Ihre erste CD \u201eBauernhausmusik\u201e<\/p>\n\n\n\n<p>10.09.2016 \u2013 R\u00fcbenschneider live auf der Hard &amp; Heavy Night XVI im KUZ OHZ<\/p>\n\n\n\n<p>Juni 2016 \u2013 Chrischek R\u00fcbenschneider nimmt sich eine Bandpause von unbestimmter Dauer<\/p>\n\n\n\n<p>Dez. 2015 \u2013 R\u00fcbenschneider assimilieren einen weiteren Gitarristen der fortan als Dodek R\u00fcbenschneider dem Kollektiv angeh\u00f6rt<\/p>\n\n\n\n<p>M\u00e4rz 2014 \u2013 R\u00fcbenschneider beim \u201eBier braucht Heimat\u201c Festival im Aladin, Bremen<\/p>\n\n\n\n<p>Aug. 2013 \u2013 Erster Gig auf der Gartenparty von Joker<\/p>\n\n\n\n<p>M\u00e4rz 2013 \u2013 Turhan wandert aus und ist aufgrund der gro\u00dfen Entfernung nicht mehr dabei<\/p>\n\n\n\n<p>Aug. 2012 \u2013 Chrischek tritt dem Kollektiv bei<\/p>\n\n\n\n<p>2012 \u2013 Das \u201eProjekt R\u00fcbenschneider\u201c beginnt mit Olek, Rallek, Turhan und Matzek im Bauernhaus in Bremen-L\u00fcssum<\/p>\n\n\n\n<p><\/p>\n","protected":false},"excerpt":{"rendered":"<p>Die aktuellsten Neuigkeiten findet Ihr auf unserer Facebookseite. Wichtige Neuigkeiten gibt es hier: 05.04.26 &#8211; Ostersonntag im Meisenfrei-Bremen: R\u00fcbenschneider erhalten Unterst\u00fctzung von zwei Bremen-Norder Bands. Rockarokies und die Panzerknakker sind dabei, letztere mit neuem Gitaristen und zum ersten mal mit echtem Schlagzeuger. Wir haben auch <span class=\"read-more\"><a class=\"more-link btn btn-transparent\" href=\"http:\/\/ruebenschneider.de\/?page_id=10\">Read More &#8230;<\/a><\/span><\/p>\n","protected":false},"author":1,"featured_media":0,"parent":0,"menu_order":0,"comment_status":"closed","ping_status":"closed","template":"","meta":{"footnotes":""},"_links":{"self":[{"href":"http:\/\/ruebenschneider.de\/index.php?rest_route=\/wp\/v2\/pages\/10"}],"collection":[{"href":"http:\/\/ruebenschneider.de\/index.php?rest_route=\/wp\/v2\/pages"}],"about":[{"href":"http:\/\/ruebenschneider.de\/index.php?rest_route=\/wp\/v2\/types\/page"}],"author":[{"embeddable":true,"href":"http:\/\/ruebenschneider.de\/index.php?rest_route=\/wp\/v2\/users\/1"}],"replies":[{"embeddable":true,"href":"http:\/\/ruebenschneider.de\/index.php?rest_route=%2Fwp%2Fv2%2Fcomments&post=10"}],"version-history":[{"count":26,"href":"http:\/\/ruebenschneider.de\/index.php?rest_route=\/wp\/v2\/pages\/10\/revisions"}],"predecessor-version":[{"id":207,"href":"http:\/\/ruebenschneider.de\/index.php?rest_route=\/wp\/v2\/pages\/10\/revisions\/207"}],"wp:attachment":[{"href":"http:\/\/ruebenschneider.de\/index.php?rest_route=%2Fwp%2Fv2%2Fmedia&parent=10"}],"curies":[{"name":"wp","href":"https:\/\/api.w.org\/{rel}","templated":true}]}}